{"id":256,"date":"2022-03-03T13:21:00","date_gmt":"2022-03-03T12:21:00","guid":{"rendered":"https:\/\/marinaport.hu\/app\/?page_id=256"},"modified":"2024-06-20T10:25:24","modified_gmt":"2024-06-20T08:25:24","slug":"jatszoter","status":"publish","type":"page","link":"https:\/\/marinaport.hu\/app\/jatszoter\/","title":{"rendered":"J\u00e1tsz\u00f3t\u00e9r"},"content":{"rendered":"\n<div class=\"wp-block-columns are-vertically-aligned-top is-layout-flex wp-container-core-columns-is-layout-28f84493 wp-block-columns-is-layout-flex\">\n<div class=\"wp-block-column is-vertically-aligned-top is-layout-flow wp-block-column-is-layout-flow\" style=\"flex-basis:100%\">\n<div class=\"wp-block-group alignwide has-text-color is-layout-flow wp-block-group-is-layout-flow\" style=\"color:#010334\">\n<div class=\"wp-block-group is-layout-flow wp-container-core-group-is-layout-47e5a185 wp-block-group-is-layout-flow\">\n<div class=\"wp-block-columns is-layout-flex wp-container-core-columns-is-layout-28f84493 wp-block-columns-is-layout-flex\">\n<div class=\"wp-block-column is-layout-flow wp-block-column-is-layout-flow\" style=\"flex-basis:100%\">\n<div class=\"wp-block-columns is-layout-flex wp-container-core-columns-is-layout-28f84493 wp-block-columns-is-layout-flex\">\n<div class=\"wp-block-column is-vertically-aligned-bottom is-layout-flow wp-block-column-is-layout-flow\" style=\"padding-top:0px;padding-right:0px;padding-bottom:0px;padding-left:0px\">\n<div style=\"height:20px\" aria-hidden=\"true\" class=\"wp-block-spacer\"><\/div>\n\n\n\n<figure class=\"wp-block-image size-full is-resized has-custom-border\"><img loading=\"lazy\" decoding=\"async\" width=\"1240\" height=\"762\" src=\"https:\/\/marinaport.hu\/app\/wp-content\/uploads\/2022\/05\/Farsang_1240x762-11-1.jpg\" alt=\"\" class=\"wp-image-2241\" style=\"border-radius:0px;width:584px;height:auto\"\/><\/figure>\n\n\n\n<p><\/p>\n\n\n\n<h4 class=\"wp-block-heading has-text-color\" style=\"color:#bda55e;margin-top:0px;margin-right:0px;margin-bottom:0px;margin-left:0px;font-size:1.42rem\"><strong><strong><strong><strong>J\u00e1tsz\u00f3t\u00e9r<\/strong><\/strong><\/strong> <\/strong><\/h4>\n\n\n\n<p class=\"has-text-color has-small-font-size\" style=\"color:#929698\">A hotel el\u0151tti parkban, a Balaton partj\u00e1n hint\u00e1k, cs\u00faszd\u00e1k, m\u00e1sz\u00f3k\u00e1k, homokoz\u00f3, \u00f3ri\u00e1s trambulin \u00e1ll a gyermekek rendelkez\u00e9s\u00e9re a Balaton tematik\u00e1j\u00fa j\u00e1tsz\u00f3ter\u00fcnk\u00f6n. Klubtagok, hotelvend\u00e9gek vagy napijeggyel rendelkez\u0151 vend\u00e9gek haszn\u00e1lhatj\u00e1k.<\/p>\n\n\n\n<p><\/p>\n<\/div>\n<\/div>\n<\/div>\n<\/div>\n<\/div>\n<\/div>\n<\/div>\n<\/div>\n\n\n\n<figure class=\"wp-block-image size-full\"><img loading=\"lazy\" decoding=\"async\" width=\"800\" height=\"560\" src=\"https:\/\/marinaport.hu\/app\/wp-content\/uploads\/2024\/04\/Kepek-800-X-560-APP-5.jpg\" alt=\"\" class=\"wp-image-10926\"\/><\/figure>\n\n\n\n<figure class=\"wp-block-image size-full\"><img loading=\"lazy\" decoding=\"async\" width=\"1240\" height=\"762\" src=\"https:\/\/marinaport.hu\/app\/wp-content\/uploads\/2022\/05\/Farsang_1240x762-12.jpg\" alt=\"\" class=\"wp-image-2244\"\/><\/figure>\n\n\n\n<p><\/p>\n","protected":false},"excerpt":{"rendered":"<p>J\u00e1tsz\u00f3t\u00e9r A hotel el\u0151tti parkban, a Balaton partj\u00e1n hint\u00e1k, cs\u00faszd\u00e1k, m\u00e1sz\u00f3k\u00e1k, homokoz\u00f3, \u00f3ri\u00e1s trambulin \u00e1ll a gyermekek rendelkez\u00e9s\u00e9re a Balaton tematik\u00e1j\u00fa j\u00e1tsz\u00f3ter\u00fcnk\u00f6n. Klubtagok, hotelvend\u00e9gek vagy napijeggyel rendelkez\u0151 vend\u00e9gek haszn\u00e1lhatj\u00e1k.<\/p>\n","protected":false},"author":2,"featured_media":0,"parent":0,"menu_order":0,"comment_status":"closed","ping_status":"closed","template":"blank","meta":{"footnotes":""},"class_list":["post-256","page","type-page","status-publish","hentry"],"acf":[],"_links":{"self":[{"href":"https:\/\/marinaport.hu\/app\/wp-json\/wp\/v2\/pages\/256","targetHints":{"allow":["GET"]}}],"collection":[{"href":"https:\/\/marinaport.hu\/app\/wp-json\/wp\/v2\/pages"}],"about":[{"href":"https:\/\/marinaport.hu\/app\/wp-json\/wp\/v2\/types\/page"}],"author":[{"embeddable":true,"href":"https:\/\/marinaport.hu\/app\/wp-json\/wp\/v2\/users\/2"}],"replies":[{"embeddable":true,"href":"https:\/\/marinaport.hu\/app\/wp-json\/wp\/v2\/comments?post=256"}],"version-history":[{"count":11,"href":"https:\/\/marinaport.hu\/app\/wp-json\/wp\/v2\/pages\/256\/revisions"}],"predecessor-version":[{"id":12145,"href":"https:\/\/marinaport.hu\/app\/wp-json\/wp\/v2\/pages\/256\/revisions\/12145"}],"wp:attachment":[{"href":"https:\/\/marinaport.hu\/app\/wp-json\/wp\/v2\/media?parent=256"}],"curies":[{"name":"wp","href":"https:\/\/api.w.org\/{rel}","templated":true}]}}