{"id":267,"date":"2022-03-03T13:33:35","date_gmt":"2022-03-03T12:33:35","guid":{"rendered":"https:\/\/marinaport.hu\/app\/?page_id=267"},"modified":"2025-08-18T12:58:58","modified_gmt":"2025-08-18T11:58:58","slug":"napijegy","status":"publish","type":"page","link":"https:\/\/marinaport.hu\/app\/napijegy\/","title":{"rendered":"Napijegy"},"content":{"rendered":"\n<div class=\"wp-block-columns are-vertically-aligned-top is-layout-flex wp-container-core-columns-is-layout-28f84493 wp-block-columns-is-layout-flex\">\n<div class=\"wp-block-column is-vertically-aligned-top is-layout-flow wp-block-column-is-layout-flow\" style=\"flex-basis:100%\">\n<div class=\"wp-block-group alignwide has-text-color is-layout-flow wp-block-group-is-layout-flow\" style=\"color:#010334\">\n<div class=\"wp-block-group is-layout-flow wp-container-core-group-is-layout-47e5a185 wp-block-group-is-layout-flow\">\n<div class=\"wp-block-columns is-layout-flex wp-container-core-columns-is-layout-28f84493 wp-block-columns-is-layout-flex\">\n<div class=\"wp-block-column is-layout-flow wp-block-column-is-layout-flow\" style=\"flex-basis:100%\">\n<div class=\"wp-block-columns is-layout-flex wp-container-core-columns-is-layout-28f84493 wp-block-columns-is-layout-flex\">\n<div class=\"wp-block-column is-vertically-aligned-bottom is-layout-flow wp-block-column-is-layout-flow\" style=\"padding-top:0px;padding-right:0px;padding-bottom:0px;padding-left:0px\">\n<div style=\"height:20px\" aria-hidden=\"true\" class=\"wp-block-spacer\"><\/div>\n\n\n\n<figure class=\"wp-block-image size-full has-custom-border\"><img loading=\"lazy\" decoding=\"async\" width=\"673\" height=\"495\" src=\"https:\/\/marinaport.hu\/app\/wp-content\/uploads\/2022\/03\/image-21.png\" alt=\"\" class=\"wp-image-270\" style=\"border-radius:0px\"\/><\/figure>\n\n\n\n<p><\/p>\n\n\n\n<h4 class=\"wp-block-heading has-text-color\" style=\"color:#bda55e;margin-top:0px;margin-right:0px;margin-bottom:0px;margin-left:0px;font-size:1.42rem\"><strong><strong><strong><strong><strong>Vend\u00e9g napijegy<\/strong><\/strong><\/strong><\/strong><\/strong><\/h4>\n\n\n\n<p class=\"has-text-color has-small-font-size\" style=\"color:#929698\">Lehet\u0151s\u00e9g van minden klubtagnak \u00e9s hotelvend\u00e9gnek napijegy v\u00e1s\u00e1rl\u00e1s\u00e1ra, amellyel megh\u00edvott vend\u00e9geik ig\u00e9nybe vehetik a Hotel Marina-Port szolg\u00e1ltat\u00e1sait.&nbsp;<\/p>\n\n\n\n<p class=\"has-custom-szurke-color has-text-color has-link-color has-small-font-size wp-elements-69aaf6e9af5e011d619a663a37931378\">Feln\u0151tt napijegy 12 \u00e9ves kort\u00f3l: 7 000 Ft<\/p>\n\n\n\n<p class=\"has-custom-szurke-color has-text-color has-link-color has-small-font-size wp-elements-d5eb00cb2cbe096fe3c65e9c1d245d95\">Gyermek napijegy (6-11 \u00e9ves korig):\u00a0 5 000 Ft\u00a0<\/p>\n\n\n\n<p class=\"has-text-color has-small-font-size\" style=\"color:#929698\">Napijegy csak klubk\u00e1rtya vagy szobak\u00e1rtya felmutat\u00e1s\u00e1val v\u00e1s\u00e1rolhat\u00f3 a recepci\u00f3n, a Yacht Club B\u00e1rban, a kik\u00f6t\u0151 irod\u00e1ban \u00e9s a Beach B\u00e1rban.<\/p>\n\n\n\n<p class=\"has-text-color has-small-font-size\" style=\"color:#929698\">Term\u00e9szetesen a klubtagok k\u00eds\u00e9ret\u00e9ben a vend\u00e9geik b\u00e1rmikor bej\u00f6hetnek a kik\u00f6t\u0151 ter\u00fclet\u00e9re, napijegy n\u00e9lk\u00fcl is, amennyiben nem k\u00edv\u00e1nj\u00e1k ig\u00e9nybe venni Hotel Marina-Port szolg\u00e1ltat\u00e1sait.<\/p>\n\n\n\n<p class=\"has-text-color has-link-color has-small-font-size wp-elements-11f9d16ed9031e14a9fcfc947163e8d3\" style=\"color:#929698\">Recepci\u00f3:<a href=\"tel: 06 88 492 369\"> 06 88 492 369<\/a><\/p>\n<\/div>\n<\/div>\n<\/div>\n<\/div>\n<\/div>\n<\/div>\n<\/div>\n<\/div>\n\n\n\n<p><\/p>\n","protected":false},"excerpt":{"rendered":"<p>Vend\u00e9g napijegy Lehet\u0151s\u00e9g van minden klubtagnak \u00e9s hotelvend\u00e9gnek napijegy v\u00e1s\u00e1rl\u00e1s\u00e1ra, amellyel megh\u00edvott vend\u00e9geik ig\u00e9nybe vehetik a Hotel Marina-Port szolg\u00e1ltat\u00e1sait.&nbsp; Feln\u0151tt napijegy 12 \u00e9ves kort\u00f3l: 7 000 Ft Gyermek napijegy (6-11 \u00e9ves korig):\u00a0 5 000 Ft\u00a0 Napijegy csak klubk\u00e1rtya vagy szobak\u00e1rtya felmutat\u00e1s\u00e1val v\u00e1s\u00e1rolhat\u00f3 a recepci\u00f3n, a Yacht Club B\u00e1rban, a kik\u00f6t\u0151 irod\u00e1ban \u00e9s a Beach B\u00e1rban. [&hellip;]<\/p>\n","protected":false},"author":2,"featured_media":0,"parent":0,"menu_order":0,"comment_status":"closed","ping_status":"closed","template":"blank","meta":{"footnotes":""},"class_list":["post-267","page","type-page","status-publish","hentry"],"acf":[],"_links":{"self":[{"href":"https:\/\/marinaport.hu\/app\/wp-json\/wp\/v2\/pages\/267","targetHints":{"allow":["GET"]}}],"collection":[{"href":"https:\/\/marinaport.hu\/app\/wp-json\/wp\/v2\/pages"}],"about":[{"href":"https:\/\/marinaport.hu\/app\/wp-json\/wp\/v2\/types\/page"}],"author":[{"embeddable":true,"href":"https:\/\/marinaport.hu\/app\/wp-json\/wp\/v2\/users\/2"}],"replies":[{"embeddable":true,"href":"https:\/\/marinaport.hu\/app\/wp-json\/wp\/v2\/comments?post=267"}],"version-history":[{"count":13,"href":"https:\/\/marinaport.hu\/app\/wp-json\/wp\/v2\/pages\/267\/revisions"}],"predecessor-version":[{"id":19690,"href":"https:\/\/marinaport.hu\/app\/wp-json\/wp\/v2\/pages\/267\/revisions\/19690"}],"wp:attachment":[{"href":"https:\/\/marinaport.hu\/app\/wp-json\/wp\/v2\/media?parent=267"}],"curies":[{"name":"wp","href":"https:\/\/api.w.org\/{rel}","templated":true}]}}