{"id":290,"date":"2022-03-04T10:05:44","date_gmt":"2022-03-04T09:05:44","guid":{"rendered":"https:\/\/marinaport.hu\/app\/?page_id=290"},"modified":"2026-04-02T09:52:58","modified_gmt":"2026-04-02T08:52:58","slug":"etterem","status":"publish","type":"page","link":"https:\/\/marinaport.hu\/app\/etterem\/","title":{"rendered":"\u00c9tterem"},"content":{"rendered":"\n<p><\/p>\n\n\n\n<div class=\"wp-block-columns are-vertically-aligned-top is-layout-flex wp-container-core-columns-is-layout-28f84493 wp-block-columns-is-layout-flex\">\n<div class=\"wp-block-column is-vertically-aligned-top is-layout-flow wp-block-column-is-layout-flow\" style=\"flex-basis:100%\">\n<div class=\"wp-block-group alignwide has-text-color is-layout-flow wp-block-group-is-layout-flow\" style=\"color:#010334\">\n<div class=\"wp-block-group is-layout-flow wp-container-core-group-is-layout-47e5a185 wp-block-group-is-layout-flow\">\n<div class=\"wp-block-columns is-layout-flex wp-container-core-columns-is-layout-28f84493 wp-block-columns-is-layout-flex\">\n<div class=\"wp-block-column is-vertically-aligned-bottom is-layout-flow wp-block-column-is-layout-flow\" style=\"padding-top:0px;padding-right:0px;padding-bottom:0px;padding-left:0px\">\n<figure class=\"wp-block-image size-full has-custom-border\"><img loading=\"lazy\" decoding=\"async\" width=\"1600\" height=\"1067\" src=\"https:\/\/marinaport.hu\/app\/wp-content\/uploads\/2024\/04\/0240408_GL8_1760.jpg\" alt=\"\" class=\"wp-image-10636\" style=\"border-radius:0px\"\/><\/figure>\n\n\n\n<p><\/p>\n\n\n\n<h4 class=\"wp-block-heading has-text-color\" style=\"color:#bda55e;margin-top:0px;margin-right:0px;margin-bottom:0px;margin-left:0px;font-size:1.4rem\"><strong>Hotel \u00c9tterem<\/strong><\/h4>\n\n\n\n<p class=\"has-custom-szurke-color has-text-color has-small-font-size\">A sz\u00e1lloda \u00e9tterem\u00e9ben \u00e9s hangulatos terasz\u00e1n 7:00-10:30 k\u00f6z\u00f6tt b\u00fcf\u00e9asztalos reggelit, 18:00-21:00 \u00f3ra k\u00f6z\u00f6tt b\u00fcf\u00e9asztalos vacsor\u00e1t k\u00edn\u00e1lunk. Eb\u00e9d, az&nbsp;a\u2019la carte \u00e9tlapunkr\u00f3l&nbsp;12:00 \u00f3r\u00e1t\u00f3l fogyaszthat\u00f3, zamatos borok, p\u00e1link\u00e1k, h\u0171s\u00edt\u0151 italok, k\u00fcl\u00f6nleges k\u00e1v\u00e9k k\u00eds\u00e9ret\u00e9ben. Gondoltunk a legkisebbekre is: sz\u00e1mukra&nbsp;&nbsp;eg\u00e9szs\u00e9ges gyermekmen\u00fc, b\u00e9bi\u00e9tel, b\u00e9bi etet\u0151sz\u00e9k, magas\u00edtott sz\u00e9k, gyermek \u00e9tk\u00e9szlet, sz\u00ednez\u0151 \u00e1ll rendelkez\u00e9sre.<\/p>\n\n\n\n<ul class=\"wp-block-list has-custom-szurke-color has-text-color\">\n<li class=\"has-small-font-size\">Sv\u00e9dasztalos <strong>reggeli<\/strong>: 7 000 Ft<\/li>\n\n\n\n<li class=\"has-small-font-size\">gyermek reggeli (6-12 \u00e9ves korig): 3 500 Ft<\/li>\n<\/ul>\n\n\n\n<div class=\"wp-block-group is-layout-constrained wp-block-group-is-layout-constrained\">\n<ul class=\"wp-block-list has-custom-szurke-color has-text-color\">\n<li class=\"has-small-font-size\">Sv\u00e9dasztalos <strong>vacsora<\/strong>: 13 500 Ft<\/li>\n\n\n\n<li class=\"has-small-font-size\">gyermek vacsora (6- 12 \u00e9ves korig): 6 750 Ft<\/li>\n<\/ul>\n\n\n\n<p class=\"has-custom-szurke-color has-text-color\">\u00c1raink forintban \u00e9rtend\u0151ek \u00e9s tartalmazz\u00e1k az \u00e1f\u00e1t.<\/p>\n<\/div>\n\n\n\n<p class=\"has-text-color has-link-color has-small-font-size wp-elements-b02f6a6e27a4e6afd7be66cbaffa1866\" style=\"color:#929698\">Hotel \u00c9tterem:&nbsp;<a href=\"tel:06 30 445 9690\">06 30&nbsp;844 2019<\/a><\/p>\n\n\n\n<div class=\"wp-block-buttons is-horizontal is-content-justification-center is-layout-flex wp-container-core-buttons-is-layout-03627597 wp-block-buttons-is-layout-flex\">\n<div class=\"wp-block-button is-style-outline is-style-outline--1\"><a class=\"wp-block-button__link has-background-background-color has-text-color has-background wp-element-button\" href=\"https:\/\/marinaport.hu\/app\/etterem-menu\/\" style=\"border-radius:10px;color:#15b0b9\">\u00c9tlap, itallap<\/a><\/div>\n<\/div>\n\n\n\n<p><\/p>\n<\/div>\n<\/div>\n<\/div>\n<\/div>\n<\/div>\n<\/div>\n\n\n\n<figure class=\"wp-block-image size-full\"><img loading=\"lazy\" decoding=\"async\" width=\"1250\" height=\"833\" src=\"https:\/\/marinaport.hu\/app\/wp-content\/uploads\/2022\/03\/0210630_GL8_8532-min-1.jpg\" alt=\"\" class=\"wp-image-458\"\/><\/figure>\n\n\n\n<figure class=\"wp-block-image size-full\"><img loading=\"lazy\" decoding=\"async\" width=\"800\" height=\"560\" src=\"https:\/\/marinaport.hu\/app\/wp-content\/uploads\/2024\/04\/800x560-pezsgo.jpg\" alt=\"\" class=\"wp-image-10645\"\/><\/figure>\n\n\n\n<figure class=\"wp-block-image size-full is-resized\"><img loading=\"lazy\" decoding=\"async\" width=\"800\" height=\"560\" src=\"https:\/\/marinaport.hu\/app\/wp-content\/uploads\/2024\/04\/800x560-bebietel.jpg\" alt=\"\" class=\"wp-image-10647\" style=\"width:650px;height:auto\"\/><\/figure>\n\n\n\n<p><\/p>\n","protected":false},"excerpt":{"rendered":"<p>Hotel \u00c9tterem A sz\u00e1lloda \u00e9tterem\u00e9ben \u00e9s hangulatos terasz\u00e1n 7:00-10:30 k\u00f6z\u00f6tt b\u00fcf\u00e9asztalos reggelit, 18:00-21:00 \u00f3ra k\u00f6z\u00f6tt b\u00fcf\u00e9asztalos vacsor\u00e1t k\u00edn\u00e1lunk. Eb\u00e9d, az&nbsp;a\u2019la carte \u00e9tlapunkr\u00f3l&nbsp;12:00 \u00f3r\u00e1t\u00f3l fogyaszthat\u00f3, zamatos borok, p\u00e1link\u00e1k, h\u0171s\u00edt\u0151 italok, k\u00fcl\u00f6nleges k\u00e1v\u00e9k k\u00eds\u00e9ret\u00e9ben. Gondoltunk a legkisebbekre is: sz\u00e1mukra&nbsp;&nbsp;eg\u00e9szs\u00e9ges gyermekmen\u00fc, b\u00e9bi\u00e9tel, b\u00e9bi etet\u0151sz\u00e9k, magas\u00edtott sz\u00e9k, gyermek \u00e9tk\u00e9szlet, sz\u00ednez\u0151 \u00e1ll rendelkez\u00e9sre. \u00c1raink forintban \u00e9rtend\u0151ek \u00e9s tartalmazz\u00e1k az \u00e1f\u00e1t. [&hellip;]<\/p>\n","protected":false},"author":2,"featured_media":0,"parent":0,"menu_order":0,"comment_status":"closed","ping_status":"closed","template":"blank","meta":{"footnotes":""},"class_list":["post-290","page","type-page","status-publish","hentry"],"acf":[],"_links":{"self":[{"href":"https:\/\/marinaport.hu\/app\/wp-json\/wp\/v2\/pages\/290","targetHints":{"allow":["GET"]}}],"collection":[{"href":"https:\/\/marinaport.hu\/app\/wp-json\/wp\/v2\/pages"}],"about":[{"href":"https:\/\/marinaport.hu\/app\/wp-json\/wp\/v2\/types\/page"}],"author":[{"embeddable":true,"href":"https:\/\/marinaport.hu\/app\/wp-json\/wp\/v2\/users\/2"}],"replies":[{"embeddable":true,"href":"https:\/\/marinaport.hu\/app\/wp-json\/wp\/v2\/comments?post=290"}],"version-history":[{"count":38,"href":"https:\/\/marinaport.hu\/app\/wp-json\/wp\/v2\/pages\/290\/revisions"}],"predecessor-version":[{"id":21759,"href":"https:\/\/marinaport.hu\/app\/wp-json\/wp\/v2\/pages\/290\/revisions\/21759"}],"wp:attachment":[{"href":"https:\/\/marinaport.hu\/app\/wp-json\/wp\/v2\/media?parent=290"}],"curies":[{"name":"wp","href":"https:\/\/api.w.org\/{rel}","templated":true}]}}