{"id":5302,"date":"2023-03-17T18:02:51","date_gmt":"2023-03-17T17:02:51","guid":{"rendered":"https:\/\/marinaport.hu\/app\/?page_id=5302"},"modified":"2023-03-17T18:10:07","modified_gmt":"2023-03-17T17:10:07","slug":"balatonkenese-2","status":"publish","type":"page","link":"https:\/\/marinaport.hu\/app\/balatonkenese-2\/","title":{"rendered":"Balatonkenese"},"content":{"rendered":"\n<p><\/p>\n\n\n\n<p class=\"has-custom-szin-6-color has-text-color has-medium-font-size\"><strong>The History of Balatonkenese<\/strong><\/p>\n\n\n\n<figure class=\"wp-block-image size-full\"><img loading=\"lazy\" decoding=\"async\" width=\"1024\" height=\"768\" src=\"https:\/\/marinaport.hu\/app\/wp-content\/uploads\/2022\/03\/image-29.png\" alt=\"\" class=\"wp-image-635\"\/><\/figure>\n\n\n\n<p><\/p>\n\n\n\n<p class=\"has-text-color\" style=\"color:#929698\">Balatonkenese is the eastern gate of the Balaton, which has been open for visitors for a thousand years.&nbsp;<\/p>\n\n\n\n<p class=\"has-text-color\" style=\"color:#929698\">Royal hunters, fishermen, courtiers, and other royalties resided here in the Middle Ages.<\/p>\n\n\n\n<p class=\"has-text-color\" style=\"color:#929698\">Traces of historical trials are preserved by the &#8220;dwellings&#8221; carved into the side of the Highland, which the Folk tradition calls Tartar holes. The Tartars could get through the frozen Danube in the winter of 1241-42 and burglarized every village on the way. According to the legend, that is when people carved these holes and caves into the walls so that they could find shelter in them.&nbsp;<\/p>\n\n\n\n<p class=\"has-text-color\" style=\"color:#929698\">The holes are still accessible today.&nbsp;The holes were useful later on as well; grains, and fishing equipment were stored in them. For tourists in Balatonkenese, it is almost a \u201cmust\u201d to see them and they are part of the&nbsp;T\u00e1torj\u00e1n&nbsp;educational path.<\/p>\n\n\n\n<p class=\"has-text-color\" style=\"color:#929698\">The first golden years of Balatonkenese were during the reform age, the building of train trails, steamboating, and the presence of political and poetical elite all increased the popularity of the city.<\/p>\n\n\n\n<p class=\"has-text-color\" style=\"color:#929698\">During the second world war, Balatonkenese lived through several bombings, then progressed nicely, and it got gradually populated. At first vacationers filled it, looking for rest and relaxation, and then more and more chose to live here permanently in Balatonkenese, which got city status.&nbsp;<\/p>\n\n\n\n<p class=\"has-custom-szin-6-color has-text-color has-medium-font-size\"><strong>Sights in Balatonkenese<\/strong><\/p>\n\n\n\n<p class=\"has-custom-szin-6-color has-text-color has-medium-font-size\"><strong>Village Museum<\/strong><\/p>\n\n\n\n<figure class=\"wp-block-image size-full\"><img loading=\"lazy\" decoding=\"async\" width=\"1392\" height=\"870\" src=\"https:\/\/marinaport.hu\/app\/wp-content\/uploads\/2022\/03\/image-30.png\" alt=\"\" class=\"wp-image-636\"\/><\/figure>\n\n\n\n<p class=\"has-text-color\" style=\"color:#929698\">Village Museum<br>The village museum under the address of Kossuth Lajos street 6 earned the title \u201cvillage museum of the year\u201d in 2011.&nbsp;<\/p>\n\n\n\n<p class=\"has-text-color\" style=\"color:#929698\">Opening hours during the summer: Monday: closed, Tuesday-Thursday: 10 am &#8211; 12 pm and 2 pm &#8211; 4 pm, Friday \u2013 Saturday: 10 am-12 pm and 2 pm &#8211; 6 pm, Sunday: closed<\/p>\n\n\n\n<p class=\"has-text-color\" style=\"color:#929698\">Contact: T\u00f3th Istv\u00e1n:&nbsp;00 36-30-237-79-05<\/p>\n\n\n\n<p class=\"has-custom-szin-6-color has-text-color has-medium-font-size\"><strong>T\u00e1torj\u00e1n educational path<\/strong><\/p>\n\n\n\n<figure class=\"wp-block-image size-full\"><img loading=\"lazy\" decoding=\"async\" width=\"1024\" height=\"768\" src=\"https:\/\/marinaport.hu\/app\/wp-content\/uploads\/2022\/03\/image-31.png\" alt=\"\" class=\"wp-image-637\"\/><\/figure>\n\n\n\n<p class=\"has-text-color\" style=\"color:#929698\"><\/p>\n\n\n\n<p class=\"has-text-color\" style=\"color:#929698\">One of Blatonkene\u2019s emblematic symbols is the reserved plant, the T\u00e1toj\u00e1n.<\/p>\n\n\n\n<p class=\"has-text-color\" style=\"color:#929698\">From the city centre, a marked (T) path leads to its habitat, the So\u00f3s-mountain, which is an approximately one-hour walk at a comfortable pace.&nbsp;<\/p>\n\n\n\n<p class=\"has-text-color\" style=\"color:#929698\">The board marking the beginning of the educational path is located in T\u00e1ncsis Mih\u00e1ly street in front of the House of Culture. The recommended route of the educational path with many adventures is the southerner edge of the So\u00f3s mountain, followed by the caves in the walls of the highland, the Tartar holes,&nbsp;<\/p>\n\n\n\n<p class=\"has-text-color\" style=\"color:#929698\">the So\u00f3s-mountain monument, where you can rest and enjoy the beauty of the view, then along the Pet\u0151fi street, Bajcsy-Zsilinszky street, and Batthy\u00e1ny street you will arrive back at the starting point of the path.&nbsp;<\/p>\n\n\n\n<p class=\"has-text-color\" style=\"color:#929698\">the stops of the path are marked by boards, which educate our guests about the botanic, historic, and geographical values of the town. The educational path meets partially with the \u201cyellow lane\u201d marks starting from the train station, which also leads to the mountain top covered by T\u00e1torj\u00e1n, with a beautiful view of the Balaton.&nbsp;<\/p>\n\n\n\n<p class=\"has-custom-szin-6-color has-text-color has-medium-font-size\"><strong>So\u00f3s-mountain look-out tower and obelisk&nbsp;<\/strong><\/p>\n\n\n\n<figure class=\"wp-block-image size-full\"><img loading=\"lazy\" decoding=\"async\" width=\"1024\" height=\"768\" src=\"https:\/\/marinaport.hu\/app\/wp-content\/uploads\/2022\/03\/image-32.png\" alt=\"\" class=\"wp-image-638\"\/><\/figure>\n\n\n\n<p class=\"has-text-color\" style=\"color:#929698\">Following the T\u00e1torj\u00e1n educational path\/trail, at the top of the So\u00f3s-mountain, a fascinating view of Siof\u00f3k, the Tihany peninsula, and sometimes even more emerges. On the mountain around a transmission tower, a look-out tower was built, so those who walk up can enjoy and even more beautiful view.&nbsp;<\/p>\n\n\n\n<p class=\"has-custom-szin-6-color has-text-color has-medium-font-size\">Kisfaludy look-out tower in Balatonakarattya&nbsp;<\/p>\n\n\n\n<figure class=\"wp-block-image size-full\"><img loading=\"lazy\" decoding=\"async\" width=\"906\" height=\"510\" src=\"https:\/\/marinaport.hu\/app\/wp-content\/uploads\/2022\/03\/image-33.png\" alt=\"\" class=\"wp-image-639\"\/><\/figure>\n\n\n\n<p class=\"has-text-color\" style=\"color:#929698\">This lookout tower in Balatonakarattya was built at the roots of gigantic trees, from where people can gaze at the northern and southern shores of lake Balaton seeing the&nbsp; Tihany peninsula, and the mountains of Badacsony and Fony\u00f3d.<\/p>\n\n\n\n<p class=\"has-text-color has-small-font-size\" style=\"color:#929698\">&nbsp;<\/p>\n\n\n\n<p><\/p>\n","protected":false},"excerpt":{"rendered":"<p>The History of Balatonkenese Balatonkenese is the eastern gate of the Balaton, which has been open for visitors for a thousand years.&nbsp; Royal hunters, fishermen, courtiers, and other royalties resided here in the Middle Ages. Traces of historical trials are preserved by the &#8220;dwellings&#8221; carved into the side of the Highland, which the Folk tradition [&hellip;]<\/p>\n","protected":false},"author":2,"featured_media":0,"parent":0,"menu_order":0,"comment_status":"closed","ping_status":"closed","template":"blank","meta":{"footnotes":""},"class_list":["post-5302","page","type-page","status-publish","hentry"],"acf":[],"_links":{"self":[{"href":"https:\/\/marinaport.hu\/app\/wp-json\/wp\/v2\/pages\/5302","targetHints":{"allow":["GET"]}}],"collection":[{"href":"https:\/\/marinaport.hu\/app\/wp-json\/wp\/v2\/pages"}],"about":[{"href":"https:\/\/marinaport.hu\/app\/wp-json\/wp\/v2\/types\/page"}],"author":[{"embeddable":true,"href":"https:\/\/marinaport.hu\/app\/wp-json\/wp\/v2\/users\/2"}],"replies":[{"embeddable":true,"href":"https:\/\/marinaport.hu\/app\/wp-json\/wp\/v2\/comments?post=5302"}],"version-history":[{"count":4,"href":"https:\/\/marinaport.hu\/app\/wp-json\/wp\/v2\/pages\/5302\/revisions"}],"predecessor-version":[{"id":5308,"href":"https:\/\/marinaport.hu\/app\/wp-json\/wp\/v2\/pages\/5302\/revisions\/5308"}],"wp:attachment":[{"href":"https:\/\/marinaport.hu\/app\/wp-json\/wp\/v2\/media?parent=5302"}],"curies":[{"name":"wp","href":"https:\/\/api.w.org\/{rel}","templated":true}]}}