{"id":634,"date":"2022-03-07T11:32:24","date_gmt":"2022-03-07T10:32:24","guid":{"rendered":"https:\/\/marinaport.hu\/app\/?page_id=634"},"modified":"2023-07-06T13:32:12","modified_gmt":"2023-07-06T11:32:12","slug":"balatonkenese","status":"publish","type":"page","link":"https:\/\/marinaport.hu\/app\/balatonkenese\/","title":{"rendered":"Balatonkenese"},"content":{"rendered":"\n<p><\/p>\n\n\n\n<p class=\"has-custom-szin-6-color has-text-color\"><strong>BALATONKENESE T\u00d6RT\u00c9NETE<\/strong><\/p>\n\n\n\n<p><\/p>\n\n\n\n<figure class=\"wp-block-image size-full\"><img loading=\"lazy\" decoding=\"async\" width=\"1024\" height=\"768\" src=\"https:\/\/marinaport.hu\/app\/wp-content\/uploads\/2022\/03\/image-29.png\" alt=\"\" class=\"wp-image-635\"\/><\/figure>\n\n\n\n<p class=\"has-text-color has-small-font-size\" style=\"color:#929698\">Balatonkenese a Balaton keleti kapuja, amely m\u00e1r ezer \u00e9ve \u00e1ll nyitva a l\u00e1togat\u00f3k sz\u00e1m\u00e1ra.<\/p>\n\n\n\n<p class=\"has-text-color has-small-font-size\" style=\"color:#929698\">A k\u00f6z\u00e9pkorban kir\u00e1lyi hal\u00e1szok, vad\u00e1szok, udvarnokok kiv\u00e1lts\u00e1gos n\u00e9pe lakta.<br><\/p>\n\n\n\n<p class=\"has-text-color has-small-font-size\" style=\"color:#929698\">A t\u00f6rt\u00e9nelmi megpr\u00f3b\u00e1ltat\u00e1sok nyom\u00e1t \u0151rzik a Magaspart oldal\u00e1ba v\u00e1jt \u201elakhelyek\u201d, amiket a n\u00e9phagyom\u00e1ny Tat\u00e1rlikaknak, T\u00f6r\u00f6klikaknak nevez. A tat\u00e1rok ugyanis 1241-42 tel\u00e9n \u00e1t tudtak kelni a befagyott Dun\u00e1n \u00e9s az \u00fatjukba ker\u00fcl\u0151 falvakat sorra kifosztott\u00e1k. A legenda szerint ekkor v\u00e1jt\u00e1k a l\u00f6szfalba a ma is megtekinthet\u0151 barlangokat, \u201elikakat\u201d, hogy benn\u00fck oltalmat tal\u00e1ljanak.<\/p>\n\n\n\n<p class=\"has-text-color has-small-font-size\" style=\"color:#929698\"><br>K\u00e9s\u0151bb is haszn\u00e1t vett\u00e9k a v\u00e1jatoknak, hol gabon\u00e1t, hol hal\u00e1szati munkaeszk\u00f6z\u00f6ket t\u00e1rolva benn\u00fck. A Kenes\u00e9n j\u00e1r\u00f3 turist\u00e1nak szinte \u201ek\u00f6telez\u0151\u201d a megtekint\u00e9s\u00fck, a T\u00e1torj\u00e1n tan\u00f6sv\u00e9ny egyik \u00e1llom\u00e1sa a Magaspart ezen r\u00e9sze.<\/p>\n\n\n\n<p class=\"has-text-color has-small-font-size\" style=\"color:#929698\">Balatonkenese els\u0151 f\u00e9nykor\u00e1t a reformkorban \u00e9lte: a vas\u00fatvonal ki\u00e9p\u00edt\u00e9se, a g\u0151zhaj\u00f3z\u00e1s, a politikai \u00e9s irodalmi elit balatoni \u00fcd\u00fcl\u00e9si szok\u00e1sai fellend\u00edtett\u00e9k az \u00e9rdekl\u0151d\u00e9st a telep\u00fcl\u00e9s ir\u00e1nt.<\/p>\n\n\n\n<p class=\"has-text-color has-small-font-size\" style=\"color:#929698\">&nbsp;A II. vil\u00e1gh\u00e1bor\u00fa sor\u00e1n t\u00f6bb bombat\u00e1mad\u00e1st is meg\u00e9rt a telep\u00fcl\u00e9s, majd sz\u00e9pen fejl\u0151d\u00f6tt, \u00e9s fokozatosan ben\u00e9pesedett. Eleinte pihen\u00e9sre, kikapcsol\u00f3d\u00e1sra v\u00e1gy\u00f3 nyaral\u00f3kkal, majd egyre t\u00f6bb \u00e1lland\u00f3 lakossal b\u00fcszk\u00e9lkedhet a v\u00e1rosi rangot kapott telep\u00fcl\u00e9s.<\/p>\n\n\n\n<p class=\"has-custom-szin-6-color has-text-color\"><strong>BALATONKENESEI L\u00c1TNIVAL\u00d3K<\/strong><\/p>\n\n\n\n<p class=\"has-custom-szin-6-color has-text-color\"><strong>T\u00e1jh\u00e1z<\/strong><\/p>\n\n\n\n<figure class=\"wp-block-image size-full\"><img loading=\"lazy\" decoding=\"async\" width=\"1392\" height=\"870\" src=\"https:\/\/marinaport.hu\/app\/wp-content\/uploads\/2022\/03\/image-30.png\" alt=\"\" class=\"wp-image-636\"\/><\/figure>\n\n\n\n<p class=\"has-text-color has-small-font-size\" style=\"color:#929698\">A Kossuth Lajus u. 6. sz\u00e1m alatti \u00e9p\u00fclet 2011-ben elnyerte az \u201e\u00c9v T\u00e1jh\u00e1za\u201d c\u00edmet. A Balaton-mell\u00e9ki n\u00e9pi \u00e9p\u00edtkez\u00e9s jellegzetess\u00e9geit viseli mag\u00e1n.&nbsp;<\/p>\n\n\n\n<p class=\"has-text-color has-small-font-size\" style=\"color:#929698\">Ny\u00e1ri nyitvatart\u00e1s:<\/p>\n\n\n\n<p class=\"has-text-color has-small-font-size\" style=\"color:#929698\">H\u00e9tf\u0151: z\u00e1rva, Kedd-Cs\u00fct\u00f6rt\u00f6k: 10:00-12:00 \u00e9s 14:00-16:00, P\u00e9ntek-Szombat:10:00-12:00 \u00e9s 14:00-18:00, Vas\u00e1rnap: z\u00e1rva<\/p>\n\n\n\n<p class=\"has-text-color has-small-font-size\" style=\"color:#929698\">El\u00e9rhet\u0151s\u00e9g: T\u00f3th Istv\u00e1n: 06-30-237-79-05<\/p>\n\n\n\n<p class=\"has-custom-szin-6-color has-text-color\"><strong>T\u00e1torj\u00e1n tan\u00f6sv\u00e9ny<\/strong><\/p>\n\n\n\n<figure class=\"wp-block-image size-full\"><img loading=\"lazy\" decoding=\"async\" width=\"1024\" height=\"768\" src=\"https:\/\/marinaport.hu\/app\/wp-content\/uploads\/2022\/03\/image-31.png\" alt=\"\" class=\"wp-image-637\"\/><\/figure>\n\n\n\n<p class=\"has-text-color has-small-font-size\" style=\"color:#929698\">Balatonkenese egyik emblematikus jelk\u00e9pe a fokozottan v\u00e9dett n\u00f6v\u00e9ny, a t\u00e1torj\u00e1n.&nbsp;<\/p>\n\n\n\n<p class=\"has-text-color has-small-font-size\" style=\"color:#929698\">A v\u00e1rosk\u00f6zpontb\u00f3l jelzett (T) tan\u00f6sv\u00e9ny vezet f\u00f6l az \u00e9l\u0151hely\u00e9hez, a So\u00f3s-hegyre, amely kb. 1 \u00f3r\u00e1s t\u00fara k\u00e9nyelmes temp\u00f3ban.<\/p>\n\n\n\n<p class=\"has-text-color has-small-font-size\" style=\"color:#929698\">A tan\u00f6sv\u00e9ny kezdet\u00e9t jelz\u0151 t\u00e1bla a T\u00e1ncsics Mih\u00e1ly utc\u00e1ban, a Kult\u00fara h\u00e1za el\u0151tt tal\u00e1lhat\u00f3. A sok \u00e9lm\u00e9nyt \u00edg\u00e9r\u0151 tan\u00f6sv\u00e9ny aj\u00e1nlott halad\u00e1si ir\u00e1nya a&nbsp;<\/p>\n\n\n\n<ul class=\"has-text-color has-small-font-size wp-block-list\" style=\"color:#929698\">\n<li>So\u00f3s-hegy d\u00e9li perem\u00e9n vezet\u0151 \u00fat, majd a&nbsp;<\/li>\n\n\n\n<li>Magaspart oldal\u00e1ba v\u00e1jt barlangok: a Tat\u00e1rlikak,&nbsp;<\/li>\n\n\n\n<li>a So\u00f3s Lajos eml\u00e9km\u0171, ahol megpihenhet \u00e9s a kibontakoz\u00f3 l\u00e1tv\u00e1ny sz\u00e9ps\u00e9g\u00e9vel felt\u00f6lt\u0151dhet a hozz\u00e1nk \u00e9rkez\u0151, majd a Partf\u0151 utca, Bajcsy- Zs. utca \u00e9s a Batthy\u00e1ny utca ut\u00e1n vissza\u00e9rkez\u00fcnk kiindul\u00f3 pontunkra a Kult\u00fara H\u00e1z\u00e1hoz.&nbsp;<\/li>\n<\/ul>\n\n\n\n<p class=\"has-text-color has-small-font-size\" style=\"color:#929698\">A t\u00fara meg\u00e1ll\u00f3helyeit inform\u00e1ci\u00f3s t\u00e1bl\u00e1k jelzik, melyeken v\u00e1rosunk \u00e9s a ter\u00fclet kiemelked\u0151 botanikai, t\u00f6rt\u00e9nelmi \u00e9s f\u00f6ldtani \u00e9rt\u00e9keit ismerhetik meg az \u00e9rdekl\u0151d\u0151k. A tan\u00f6sv\u00e9ny r\u00e9szben \u00f6sszefon\u00f3dik a vas\u00fat\u00e1llom\u00e1sr\u00f3l indul\u00f3 \u201es\u00e1rga s\u00e1v\u201d jelz\u00e9ssel, amely szint\u00e9n felvezet a t\u00e1torj\u00e1nokkal ben\u00e9pes\u00fclt, pomp\u00e1s balatoni kil\u00e1t\u00e1st ny\u00fajt\u00f3 hegytet\u0151re.&nbsp;<\/p>\n\n\n\n<p class=\"has-custom-szin-6-color has-text-color\"><strong>So\u00f3s-hegyi kil\u00e1t\u00f3 \u00e9s obeliszk<\/strong><\/p>\n\n\n\n<figure class=\"wp-block-image size-full\"><img loading=\"lazy\" decoding=\"async\" width=\"1024\" height=\"768\" src=\"https:\/\/marinaport.hu\/app\/wp-content\/uploads\/2022\/03\/image-32.png\" alt=\"\" class=\"wp-image-638\"\/><\/figure>\n\n\n\n<p class=\"has-text-color has-small-font-size\" style=\"color:#929698\">A T\u00e1torj\u00e1n tan\u00f6sv\u00e9nyen feljutva a So\u00f3s-hegyre felt\u00e1rul a mes\u00e9s panor\u00e1ma Si\u00f3fokt\u00f3l a Tihanyi-f\u00e9lszigetig, s\u0151t n\u00e9ha m\u00e9g azon t\u00fal is. A hegyen egy ad\u00f3torony k\u00f6r\u00e9 kil\u00e1t\u00f3t \u00e9p\u00edtettek, \u00edgy aki feljebb gyalogol, m\u00e9g gy\u00f6ny\u00f6r\u0171bb t\u00e1jat csod\u00e1lhat.&nbsp;<\/p>\n\n\n\n<p class=\"has-custom-szin-6-color has-text-color\"><strong>Balatonakarattyai Kisfaludy kil\u00e1t\u00f3<\/strong><\/p>\n\n\n\n<figure class=\"wp-block-image size-full\"><img loading=\"lazy\" decoding=\"async\" width=\"906\" height=\"510\" src=\"https:\/\/marinaport.hu\/app\/wp-content\/uploads\/2022\/03\/image-33.png\" alt=\"\" class=\"wp-image-639\"\/><\/figure>\n\n\n\n<p class=\"has-text-color has-small-font-size\" style=\"color:#929698\">Az Akarattyai Magasparton, hatalmas f\u00e1k t\u00f6v\u00e9ben \u00e9p\u00fclt ez a kil\u00e1t\u00f3, ahonnan h\u00fasz emelet magasb\u00f3l csod\u00e1lhatjuk meg az \u00e9szaki \u00e9s d\u00e9li Balaton part hatalmas szelet\u00e9t a Tihanyi-f\u00e9lszigettel, Badacsony, Fony\u00f3d hegyeivel.&nbsp;<\/p>\n\n\n\n<p><\/p>\n","protected":false},"excerpt":{"rendered":"<p>BALATONKENESE T\u00d6RT\u00c9NETE Balatonkenese a Balaton keleti kapuja, amely m\u00e1r ezer \u00e9ve \u00e1ll nyitva a l\u00e1togat\u00f3k sz\u00e1m\u00e1ra. A k\u00f6z\u00e9pkorban kir\u00e1lyi hal\u00e1szok, vad\u00e1szok, udvarnokok kiv\u00e1lts\u00e1gos n\u00e9pe lakta. A t\u00f6rt\u00e9nelmi megpr\u00f3b\u00e1ltat\u00e1sok nyom\u00e1t \u0151rzik a Magaspart oldal\u00e1ba v\u00e1jt \u201elakhelyek\u201d, amiket a n\u00e9phagyom\u00e1ny Tat\u00e1rlikaknak, T\u00f6r\u00f6klikaknak nevez. A tat\u00e1rok ugyanis 1241-42 tel\u00e9n \u00e1t tudtak kelni a befagyott Dun\u00e1n \u00e9s az \u00fatjukba [&hellip;]<\/p>\n","protected":false},"author":2,"featured_media":0,"parent":0,"menu_order":0,"comment_status":"closed","ping_status":"closed","template":"blank","meta":{"footnotes":""},"class_list":["post-634","page","type-page","status-publish","hentry"],"acf":[],"_links":{"self":[{"href":"https:\/\/marinaport.hu\/app\/wp-json\/wp\/v2\/pages\/634","targetHints":{"allow":["GET"]}}],"collection":[{"href":"https:\/\/marinaport.hu\/app\/wp-json\/wp\/v2\/pages"}],"about":[{"href":"https:\/\/marinaport.hu\/app\/wp-json\/wp\/v2\/types\/page"}],"author":[{"embeddable":true,"href":"https:\/\/marinaport.hu\/app\/wp-json\/wp\/v2\/users\/2"}],"replies":[{"embeddable":true,"href":"https:\/\/marinaport.hu\/app\/wp-json\/wp\/v2\/comments?post=634"}],"version-history":[{"count":8,"href":"https:\/\/marinaport.hu\/app\/wp-json\/wp\/v2\/pages\/634\/revisions"}],"predecessor-version":[{"id":6191,"href":"https:\/\/marinaport.hu\/app\/wp-json\/wp\/v2\/pages\/634\/revisions\/6191"}],"wp:attachment":[{"href":"https:\/\/marinaport.hu\/app\/wp-json\/wp\/v2\/media?parent=634"}],"curies":[{"name":"wp","href":"https:\/\/api.w.org\/{rel}","templated":true}]}}