{"id":6759,"date":"2023-06-11T06:39:29","date_gmt":"2023-06-11T04:39:29","guid":{"rendered":"https:\/\/marinaport.hu\/app\/?page_id=6759"},"modified":"2025-05-09T13:26:59","modified_gmt":"2025-05-09T12:26:59","slug":"egyeb-sporteszkozok-2","status":"publish","type":"page","link":"https:\/\/marinaport.hu\/app\/egyeb-sporteszkozok-2\/","title":{"rendered":"Egy\u00e9b sporteszk\u00f6z\u00f6k"},"content":{"rendered":"\n<p><\/p>\n\n\n\n<p class=\"has-custom-szin-6-color has-text-color has-large-font-size\"><strong>Other sports equipment<\/strong><\/p>\n\n\n\n<figure class=\"wp-block-image size-full\"><img loading=\"lazy\" decoding=\"async\" width=\"1164\" height=\"787\" src=\"https:\/\/marinaport.hu\/app\/wp-content\/uploads\/2022\/05\/PNG-kep-16-1.png\" alt=\"\" class=\"wp-image-2576\"\/><\/figure>\n\n\n\n<p class=\"has-custom-szin-6-color has-text-color\"><strong>SUP renting\/rental<\/strong><\/p>\n\n\n\n<p class=\"has-text-color\" style=\"color:#929698\">Our guests have a chance to rent a SUP on the beach during the opening hours.&nbsp;<\/p>\n\n\n\n<p class=\"has-text-color\" style=\"color:#929698\">Price: 6000 HUF \/ hour, 4000 HUF \/ half an hour&nbsp;<\/p>\n\n\n\n<p class=\"has-custom-szurke-color has-text-color\">Size: 320 x 76cm<\/p>\n\n\n\n<p class=\"has-custom-szurke-color has-text-color\">Max: 140Kg<\/p>\n\n\n\n<figure class=\"wp-block-image size-full\"><img loading=\"lazy\" decoding=\"async\" width=\"5568\" height=\"3712\" src=\"https:\/\/marinaport.hu\/app\/wp-content\/uploads\/2022\/05\/ROD5806.jpeg\" alt=\"\" class=\"wp-image-2360\"\/><\/figure>\n\n\n\n<p class=\"has-custom-szin-6-color has-text-color\"><strong>Efoil renting with training&nbsp;<\/strong><\/p>\n\n\n\n<p class=\"has-text-color\" style=\"color:#929698\">Try the new craze! There is no wind? That is not a problem for foiling. The electric (winged) surfboard the eFoil is the newest, coolest water sports equipment, its final speed can go up to 56 km\/h. During foiling, taking one perfect curve after the other, you can for real feel like you are flying above the water.&nbsp;<br>You can speed on the water with the lightest, most silent, fastest, and most technically advanced on the market eFoil Lift 3.&nbsp;<br>The eFoil uses a Lithium-Ion battery to run a quiet electric engine, which is built on a 100% carbon fiber hydrofoil wing. This can be controlled via a wireless Bluetooth manual device.&nbsp;<\/p>\n\n\n\n<p class=\"has-custom-szurke-color has-text-color\">Efoil training and renting 39.000 HUF\/ 60 min, 75.000 HUF\/120 min<\/p>\n\n\n\n<figure class=\"wp-block-image size-full\"><img loading=\"lazy\" decoding=\"async\" width=\"1479\" height=\"985\" src=\"https:\/\/marinaport.hu\/app\/wp-content\/uploads\/2022\/05\/PNG-kep-17-1.png\" alt=\"\" class=\"wp-image-2608\"\/><\/figure>\n\n\n\n<p class=\"has-custom-szin-6-color has-text-color has-large-font-size\"><strong>Bavaria C38<\/strong><\/p>\n\n\n\n<p class=\"has-custom-szurke-color has-text-color\">Experience sailing with a captain on a new 38 foot bavaria sailboat availible for rent from&nbsp;July 1st&nbsp;to&nbsp;August 28th.<\/p>\n\n\n\n<p class=\"has-custom-szurke-color has-text-color\"><strong>Monday-Thursday&nbsp;<\/strong><\/p>\n\n\n\n<p class=\"has-custom-szurke-color has-text-color\">110.000 Ft\/4 hours, 140.000 Ft\/6 hours, 170.000 Ft\/ 8 hours, Sunset tour 19.00-20.00 130.000 Ft<\/p>\n\n\n\n<p class=\"has-custom-szurke-color has-text-color\"><strong>Friday-Sunday<\/strong><\/p>\n\n\n\n<p class=\"has-custom-szurke-color has-text-color\">130.000 Ft\/4 hours, 160.000 Ft\/6 hours, 190.000 Ft\/ 8 hours, Sunset tour 19.00-20.00 150.000 Ft<\/p>\n\n\n\n<p class=\"has-custom-szurke-color has-text-color\">Booking is availible at the hotel reception or expect a call from our colleagues from the following phone numbers: 06 88 492369, 06 70 940 4255<\/p>\n\n\n\n<p><\/p>\n","protected":false},"excerpt":{"rendered":"<p>Other sports equipment SUP renting\/rental Our guests have a chance to rent a SUP on the beach during the opening hours.&nbsp; Price: 6000 HUF \/ hour, 4000 HUF \/ half an hour&nbsp; Size: 320 x 76cm Max: 140Kg Efoil renting with training&nbsp; Try the new craze! There is no wind? That is not a problem [&hellip;]<\/p>\n","protected":false},"author":2,"featured_media":0,"parent":0,"menu_order":0,"comment_status":"closed","ping_status":"closed","template":"blank","meta":{"footnotes":""},"class_list":["post-6759","page","type-page","status-publish","hentry"],"acf":[],"_links":{"self":[{"href":"https:\/\/marinaport.hu\/app\/wp-json\/wp\/v2\/pages\/6759","targetHints":{"allow":["GET"]}}],"collection":[{"href":"https:\/\/marinaport.hu\/app\/wp-json\/wp\/v2\/pages"}],"about":[{"href":"https:\/\/marinaport.hu\/app\/wp-json\/wp\/v2\/types\/page"}],"author":[{"embeddable":true,"href":"https:\/\/marinaport.hu\/app\/wp-json\/wp\/v2\/users\/2"}],"replies":[{"embeddable":true,"href":"https:\/\/marinaport.hu\/app\/wp-json\/wp\/v2\/comments?post=6759"}],"version-history":[{"count":5,"href":"https:\/\/marinaport.hu\/app\/wp-json\/wp\/v2\/pages\/6759\/revisions"}],"predecessor-version":[{"id":16730,"href":"https:\/\/marinaport.hu\/app\/wp-json\/wp\/v2\/pages\/6759\/revisions\/16730"}],"wp:attachment":[{"href":"https:\/\/marinaport.hu\/app\/wp-json\/wp\/v2\/media?parent=6759"}],"curies":[{"name":"wp","href":"https:\/\/api.w.org\/{rel}","templated":true}]}}