{"id":95,"date":"2022-03-01T16:48:22","date_gmt":"2022-03-01T15:48:22","guid":{"rendered":"https:\/\/marinaport.hu\/app\/?page_id=95"},"modified":"2025-07-15T10:39:00","modified_gmt":"2025-07-15T09:39:00","slug":"beach-bar","status":"publish","type":"page","link":"https:\/\/marinaport.hu\/app\/beach-bar\/","title":{"rendered":"Beach B\u00e1r"},"content":{"rendered":"\n<p><\/p>\n\n\n\n<div class=\"wp-block-columns are-vertically-aligned-top is-layout-flex wp-container-core-columns-is-layout-28f84493 wp-block-columns-is-layout-flex\">\n<div class=\"wp-block-column is-vertically-aligned-top is-layout-flow wp-block-column-is-layout-flow\" style=\"flex-basis:100%\">\n<div class=\"wp-block-group alignwide has-text-color is-layout-flow wp-block-group-is-layout-flow\" style=\"color:#010334\">\n<div class=\"wp-block-group is-layout-flow wp-container-core-group-is-layout-47e5a185 wp-block-group-is-layout-flow\">\n<div class=\"wp-block-columns is-layout-flex wp-container-core-columns-is-layout-28f84493 wp-block-columns-is-layout-flex\">\n<div class=\"wp-block-column is-layout-flow wp-block-column-is-layout-flow\" style=\"flex-basis:100%\">\n<div class=\"wp-block-columns is-layout-flex wp-container-core-columns-is-layout-28f84493 wp-block-columns-is-layout-flex\">\n<div class=\"wp-block-column is-vertically-aligned-bottom is-layout-flow wp-block-column-is-layout-flow\" style=\"padding-top:0px;padding-right:0px;padding-bottom:0px;padding-left:0px\">\n<figure class=\"wp-block-image size-full has-custom-border\"><img loading=\"lazy\" decoding=\"async\" width=\"1250\" height=\"833\" src=\"https:\/\/marinaport.hu\/app\/wp-content\/uploads\/2022\/03\/image-1.jpeg\" alt=\"\" class=\"wp-image-98\" style=\"border-radius:0px\"\/><\/figure>\n\n\n\n<p><\/p>\n\n\n\n<h4 class=\"wp-block-heading has-text-color\" style=\"color:#bda55e;margin-top:0px;margin-right:0px;margin-bottom:0px;margin-left:0px;font-size:1.54rem\"><strong>Beach B\u00e1r<\/strong><\/h4>\n\n\n\n<p class=\"has-custom-szurke-color has-text-color has-small-font-size\">A strandon tal\u00e1lhat\u00f3 meg\u00fajult Beach B\u00e1rban egyszer\u0171en elk\u00e9sz\u00edthet\u0151 \u00e9teleket \u00e9s friss\u00edt\u0151 italokat fogyaszthat k\u00e9nyelmes fotelekben, nyug\u00e1gyakon a naperny\u0151k \u00e1rny\u00e9k\u00e1ban. Az \u00e9teleket pap\u00edrdobozban szolg\u00e1ljuk fel. Meg\u00fajul\u00f3 Happy Hour kokt\u00e9ljainkr\u00f3l \u00e9rdekl\u0151dj\u00f6n koll\u00e9g\u00e1inkn\u00e1l.<\/p>\n\n\n\n<p class=\"has-text-color has-link-color has-small-font-size wp-elements-b8a2fd74970468734651142596db13e5\" style=\"color:#8b9499\">Beach B\u00e1r: <a href=\"tel:06 30 119 3983\">06 30 119 3983<\/a><\/p>\n\n\n\n<div class=\"wp-block-buttons is-content-justification-center is-layout-flex wp-container-core-buttons-is-layout-a89b3969 wp-block-buttons-is-layout-flex\">\n<div class=\"wp-block-button is-style-outline is-style-outline--1\"><a class=\"wp-block-button__link has-background-background-color has-text-color has-background wp-element-button\" href=\"https:\/\/marinaport.hu\/app\/beach-menu\/\" style=\"border-radius:10px;color:#15b0b9\">\u00c9tlap, Itallap<\/a><\/div>\n<\/div>\n\n\n\n<p><\/p>\n\n\n\n<p><\/p>\n<\/div>\n<\/div>\n<\/div>\n<\/div>\n<\/div>\n<\/div>\n\n\n\n<figure class=\"wp-block-image size-full\"><img loading=\"lazy\" decoding=\"async\" width=\"1600\" height=\"1067\" src=\"https:\/\/marinaport.hu\/app\/wp-content\/uploads\/2023\/07\/0230628_GLZ_0131.jpg\" alt=\"\" class=\"wp-image-7610\"\/><\/figure>\n\n\n\n<p><\/p>\n<\/div>\n<\/div>\n","protected":false},"excerpt":{"rendered":"<p>Beach B\u00e1r A strandon tal\u00e1lhat\u00f3 meg\u00fajult Beach B\u00e1rban egyszer\u0171en elk\u00e9sz\u00edthet\u0151 \u00e9teleket \u00e9s friss\u00edt\u0151 italokat fogyaszthat k\u00e9nyelmes fotelekben, nyug\u00e1gyakon a naperny\u0151k \u00e1rny\u00e9k\u00e1ban. Az \u00e9teleket pap\u00edrdobozban szolg\u00e1ljuk fel. Meg\u00fajul\u00f3 Happy Hour kokt\u00e9ljainkr\u00f3l \u00e9rdekl\u0151dj\u00f6n koll\u00e9g\u00e1inkn\u00e1l. Beach B\u00e1r: 06 30 119 3983<\/p>\n","protected":false},"author":2,"featured_media":0,"parent":0,"menu_order":0,"comment_status":"closed","ping_status":"closed","template":"blank","meta":{"footnotes":""},"class_list":["post-95","page","type-page","status-publish","hentry"],"acf":[],"_links":{"self":[{"href":"https:\/\/marinaport.hu\/app\/wp-json\/wp\/v2\/pages\/95","targetHints":{"allow":["GET"]}}],"collection":[{"href":"https:\/\/marinaport.hu\/app\/wp-json\/wp\/v2\/pages"}],"about":[{"href":"https:\/\/marinaport.hu\/app\/wp-json\/wp\/v2\/types\/page"}],"author":[{"embeddable":true,"href":"https:\/\/marinaport.hu\/app\/wp-json\/wp\/v2\/users\/2"}],"replies":[{"embeddable":true,"href":"https:\/\/marinaport.hu\/app\/wp-json\/wp\/v2\/comments?post=95"}],"version-history":[{"count":33,"href":"https:\/\/marinaport.hu\/app\/wp-json\/wp\/v2\/pages\/95\/revisions"}],"predecessor-version":[{"id":18341,"href":"https:\/\/marinaport.hu\/app\/wp-json\/wp\/v2\/pages\/95\/revisions\/18341"}],"wp:attachment":[{"href":"https:\/\/marinaport.hu\/app\/wp-json\/wp\/v2\/media?parent=95"}],"curies":[{"name":"wp","href":"https:\/\/api.w.org\/{rel}","templated":true}]}}